{"id":173,"date":"2024-09-25T09:27:57","date_gmt":"2024-09-25T09:27:57","guid":{"rendered":"http:\/\/www.dekoter.net\/?page_id=173"},"modified":"2025-11-10T19:41:20","modified_gmt":"2025-11-10T19:41:20","slug":"welcome-2","status":"publish","type":"page","link":"https:\/\/www.dekoter.net\/de\/","title":{"rendered":"Startseite"},"content":{"rendered":"<div class=\"wp-block-columns alignfull are-vertically-aligned-center is-layout-flex wp-container-core-columns-is-layout-28f84493 wp-block-columns-is-layout-flex\">\n<div class=\"wp-block-column is-vertically-aligned-center is-layout-flow wp-block-column-is-layout-flow\" style=\"flex-basis:100%\">\n<div class=\"wp-block-carousel-slider-slider\"><div class=\"carousel-slider-outer carousel-slider-outer-image-carousel carousel-slider-outer-813\" style=\"--carousel-slider-nav-color:#f1f1f1;--carousel-slider-active-nav-color:#00d1b2;--carousel-slider-arrow-size:48px;--carousel-slider-bullet-size:10px\">\n<div id=\"&#039;id-813\" class=\"carousel-slider carousel-slider-813 arrows-visibility-hover dots-visibility-never arrows-inside dots-center dots-circle owl-carousel\" data-slide-type=\"image-carousel\" data-owl-settings='{\"nav\":true,\"dots\":false,\"slideBy\":1,\"stagePadding\":0,\"margin\":10,\"loop\":true,\"lazyLoad\":true,\"autoplay\":true,\"autoplayTimeout\":5000,\"autoplaySpeed\":5800,\"autoplayHoverPause\":true,\"autoWidth\":false,\"responsive\":{\"300\":{\"items\":1},\"576\":{\"items\":2},\"768\":{\"items\":2},\"1024\":{\"items\":3},\"1280\":{\"items\":4},\"1536\":{\"items\":5}}}'>\n<div class=\"carousel-slider__item\">\n\t<a class=\"magnific-popup\" href=\"https:\/\/www.dekoter.net\/wp-content\/uploads\/2025\/02\/241121-0045-Slide.jpg\" data-width=\"1024\" data-height=\"1024\"><img class=\"owl-lazy\" data-src=\"https:\/\/www.dekoter.net\/wp-content\/uploads\/2025\/02\/241121-0045-Slide-768x768.jpg\" alt=\"\"><\/a><\/div>\n\n<div class=\"carousel-slider__item\">\n\t<a class=\"magnific-popup\" href=\"https:\/\/www.dekoter.net\/wp-content\/uploads\/2025\/02\/241031-9933-slide.jpg\" data-width=\"1024\" data-height=\"1024\"><img class=\"owl-lazy\" data-src=\"https:\/\/www.dekoter.net\/wp-content\/uploads\/2025\/02\/241031-9933-slide-768x768.jpg\" alt=\"\"><\/a><\/div>\n\n<div class=\"carousel-slider__item\">\n\t<a class=\"magnific-popup\" href=\"https:\/\/www.dekoter.net\/wp-content\/uploads\/2025\/02\/mushrooms.jpg\" data-width=\"1024\" data-height=\"1024\"><img class=\"owl-lazy\" data-src=\"https:\/\/www.dekoter.net\/wp-content\/uploads\/2025\/02\/mushrooms-768x768.jpg\" alt=\"\"><\/a><\/div>\n\n<div class=\"carousel-slider__item\">\n\t<a class=\"magnific-popup\" href=\"https:\/\/www.dekoter.net\/wp-content\/uploads\/2025\/02\/241230-7514-Slide.jpg\" data-width=\"1365\" data-height=\"1365\"><img class=\"owl-lazy\" data-src=\"https:\/\/www.dekoter.net\/wp-content\/uploads\/2025\/02\/241230-7514-Slide-768x768.jpg\" alt=\"\"><\/a><\/div>\n\n<div class=\"carousel-slider__item\">\n\t<a class=\"magnific-popup\" href=\"https:\/\/www.dekoter.net\/wp-content\/uploads\/2025\/02\/mushroom-3.jpg\" data-width=\"1024\" data-height=\"1024\"><img class=\"owl-lazy\" data-src=\"https:\/\/www.dekoter.net\/wp-content\/uploads\/2025\/02\/mushroom-3-768x768.jpg\" alt=\"\"><\/a><\/div>\n\n<div class=\"carousel-slider__item\">\n\t<a class=\"magnific-popup\" href=\"https:\/\/www.dekoter.net\/wp-content\/uploads\/2025\/02\/caterpillar-1024.jpg\" data-width=\"1024\" data-height=\"1024\"><img class=\"owl-lazy\" data-src=\"https:\/\/www.dekoter.net\/wp-content\/uploads\/2025\/02\/caterpillar-1024-768x768.jpg\" alt=\"\"><\/a><\/div>\n\n<div class=\"carousel-slider__item\">\n\t<a class=\"magnific-popup\" href=\"https:\/\/www.dekoter.net\/wp-content\/uploads\/2025\/02\/241122-0049-Slide.jpg\" data-width=\"1024\" data-height=\"1024\"><img class=\"owl-lazy\" data-src=\"https:\/\/www.dekoter.net\/wp-content\/uploads\/2025\/02\/241122-0049-Slide-768x768.jpg\" alt=\"\"><\/a><\/div>\n\n<div class=\"carousel-slider__item\">\n\t<a class=\"magnific-popup\" href=\"https:\/\/www.dekoter.net\/wp-content\/uploads\/2025\/02\/mushroom-2.jpg\" data-width=\"1024\" data-height=\"1024\"><img class=\"owl-lazy\" data-src=\"https:\/\/www.dekoter.net\/wp-content\/uploads\/2025\/02\/mushroom-2-768x768.jpg\" alt=\"\"><\/a><\/div>\n\n<div class=\"carousel-slider__item\">\n\t<a class=\"magnific-popup\" href=\"https:\/\/www.dekoter.net\/wp-content\/uploads\/2025\/02\/Geo-1.jpg\" data-width=\"1024\" data-height=\"1024\"><img class=\"owl-lazy\" data-src=\"https:\/\/www.dekoter.net\/wp-content\/uploads\/2025\/02\/Geo-1-768x768.jpg\" alt=\"\"><\/a><\/div>\n\n<div class=\"carousel-slider__item\">\n\t<a class=\"magnific-popup\" href=\"https:\/\/www.dekoter.net\/wp-content\/uploads\/2025\/02\/view.jpg\" data-width=\"1024\" data-height=\"1024\"><img class=\"owl-lazy\" data-src=\"https:\/\/www.dekoter.net\/wp-content\/uploads\/2025\/02\/view-768x768.jpg\" alt=\"\"><\/a><\/div>\n\n<div class=\"carousel-slider__item\">\n\t<a class=\"magnific-popup\" href=\"https:\/\/www.dekoter.net\/wp-content\/uploads\/2025\/02\/241204-7229-Slide.jpg\" data-width=\"1024\" data-height=\"1024\"><img class=\"owl-lazy\" data-src=\"https:\/\/www.dekoter.net\/wp-content\/uploads\/2025\/02\/241204-7229-Slide-768x768.jpg\" alt=\"\"><\/a><\/div>\n\n<div class=\"carousel-slider__item\">\n\t<a class=\"magnific-popup\" href=\"https:\/\/www.dekoter.net\/wp-content\/uploads\/2025\/02\/241231-7524-Slide.jpg\" data-width=\"1568\" data-height=\"1568\"><img class=\"owl-lazy\" data-src=\"https:\/\/www.dekoter.net\/wp-content\/uploads\/2025\/02\/241231-7524-Slide-768x768.jpg\" alt=\"\"><\/a><\/div>\n\n<\/div><!-- .carousel-slider-813 -->\n<\/div><!-- .carousel-slider-outer-813 -->\n<\/div>\n<\/div>\n<\/div>\n\n\n\n<p>Hallo und willkommen. Ich bin Rob de Koter, ein professioneller Fotograf und ein Web-Designer\/Entwickler. <\/p>\n\n\n\n<p>Erstens: Alle Fotos auf dieser Website k\u00f6nnen als prints oder als digitale Datei bestellt werden. Bitte senden Sie mir dazu eine E-Mail an rob@dekoter.net.<\/p>\n\n\n\n<p>Ich habe diese Website erstellt, um Ihnen einen Einblick in meine Fotografie und meinen Fotojournalismus w\u00e4hrend meiner T\u00e4tigkeit in der Binnenschifffahrts-, Bergungs- und Flusskreuzfahrtbranche zu geben: Fotos von meinen Reisen, Studiofotografie von Kunstobjekten wie Gem\u00e4lden, 3-D-Arbeiten und Skulpturen sowie Produktfotografie.<\/p>\n\n\n\n<p>1986 schloss ich mein Studium an der Niederl\u00e4ndischen Fotovakschool, einer Hochschule f\u00fcr Fotografie in Holland, mit einem Master in Fotografie und Fotojournalismus ab. Bald darauf gr\u00fcndete ich mein erstes Unternehmen, \u201eRob de Koter Nautische Fotografie-\u201c Rob de Koter Nautische Fotografie\u201c.<\/p>\n\n\n\n<p>Meine Arbeit konzentrierte sich auf Schifffahrt, Flusskreuzfahrten und Bergung. Deutschland war ein wichtiger Standort, vor allem entlang des Rheins und seiner Nebenfl\u00fcsse, der sich auf ganz Europa und Kanada ausdehnte.<br>Zu den wichtigsten Kunden z\u00e4hlten Flusskreuzfahrtunternehmen wie Vantage Travels und Grand Circle Travels mit Sitz in Boston sowie viele kleinere, unabh\u00e4ngige Binnenschiffer und mehrere Bergungsunternehmen. Meine Arbeit erschien in Fachzeitschriften \u00fcber die Welt der Binnenschifffahrt und ihre Organisationen, wo ich gr\u00f6\u00dfere Anerkennung fand. Ich ver\u00f6ffentlichte zwei B\u00fccher \u00fcber die Binnenschifffahrt, Binnenvaart in Beeld (1996) und Wat Vaart Waar (1999), beide auf Niederl\u00e4ndisch.<\/p>\n\n\n\n<p>Ich begann ein neues Kapitel in meiner beruflichen Laufbahn, denn die Schifffahrt und die Flusskreuzfahrten waren nicht mein einziges Ziel. Ich erwarb ein digitales Fotostudio und verfeinerte meine F\u00e4higkeiten beim Fotografieren von Gem\u00e4lden und dreidimensionalen Objekten. Dazu geh\u00f6rte auch die Vorbereitung auf die Druckvorstufe im Internet und die M\u00f6glichkeit, Gicl\u00e9es zu drucken. So \u00e4nderte ich den Namen meiner Firma in \u201eRob de Koter Photography\u201c. <br>In 2008, I moved to the USA, where nature inspired me. My first contact with nature was in Florida. From there, I headed up to Delmarva, a large&nbsp;peninsula&nbsp;on the&nbsp;East Coast of the United States, occupied by the vast majority of the state of&nbsp;Delaware&nbsp;and parts of the&nbsp;Eastern Shore of Maryland&nbsp;and&nbsp;Eastern Shore of Virginia. Nature became my focus. I was fascinated with wildlife and macro photography and continue to indulge in its magnificence. In 2020, I moved to Germany, where I continued my studio and nature photography.<\/p>\n\n\n\n<p>Wenn Sie Fragen zu meiner Arbeit haben, z\u00f6gern Sie nicht, mich zu kontaktieren.<\/p>\n\n\n\n<p><\/p>","protected":false},"excerpt":{"rendered":"<p>Hello and welcome. I am Rob de Koter, a professional Photographer and a Web Designer\/Developer. First: All photo\u2019s on this [&hellip;]<\/p>\n","protected":false},"author":1,"featured_media":0,"parent":0,"menu_order":0,"comment_status":"closed","ping_status":"closed","template":"","meta":{"site-sidebar-layout":"default","site-content-layout":"","ast-site-content-layout":"default","site-content-style":"default","site-sidebar-style":"default","ast-global-header-display":"","ast-banner-title-visibility":"","ast-main-header-display":"","ast-hfb-above-header-display":"","ast-hfb-below-header-display":"","ast-hfb-mobile-header-display":"","site-post-title":"disabled","ast-breadcrumbs-content":"","ast-featured-img":"","footer-sml-layout":"","ast-disable-related-posts":"","theme-transparent-header-meta":"","adv-header-id-meta":"","stick-header-meta":"","header-above-stick-meta":"","header-main-stick-meta":"","header-below-stick-meta":"","astra-migrate-meta-layouts":"default","ast-page-background-enabled":"default","ast-page-background-meta":{"desktop":{"background-color":"var(--ast-global-color-4)","background-image":"","background-repeat":"repeat","background-position":"center center","background-size":"auto","background-attachment":"scroll","background-type":"","background-media":"","overlay-type":"","overlay-color":"","overlay-opacity":"","overlay-gradient":""},"tablet":{"background-color":"","background-image":"","background-repeat":"repeat","background-position":"center center","background-size":"auto","background-attachment":"scroll","background-type":"","background-media":"","overlay-type":"","overlay-color":"","overlay-opacity":"","overlay-gradient":""},"mobile":{"background-color":"","background-image":"","background-repeat":"repeat","background-position":"center center","background-size":"auto","background-attachment":"scroll","background-type":"","background-media":"","overlay-type":"","overlay-color":"","overlay-opacity":"","overlay-gradient":""}},"ast-content-background-meta":{"desktop":{"background-color":"var(--ast-global-color-5)","background-image":"","background-repeat":"repeat","background-position":"center center","background-size":"auto","background-attachment":"scroll","background-type":"","background-media":"","overlay-type":"","overlay-color":"","overlay-opacity":"","overlay-gradient":""},"tablet":{"background-color":"var(--ast-global-color-5)","background-image":"","background-repeat":"repeat","background-position":"center center","background-size":"auto","background-attachment":"scroll","background-type":"","background-media":"","overlay-type":"","overlay-color":"","overlay-opacity":"","overlay-gradient":""},"mobile":{"background-color":"var(--ast-global-color-5)","background-image":"","background-repeat":"repeat","background-position":"center center","background-size":"auto","background-attachment":"scroll","background-type":"","background-media":"","overlay-type":"","overlay-color":"","overlay-opacity":"","overlay-gradient":""}},"footnotes":""},"folder":[12],"class_list":["post-173","page","type-page","status-publish","hentry"],"_links":{"self":[{"href":"https:\/\/www.dekoter.net\/de\/wp-json\/wp\/v2\/pages\/173","targetHints":{"allow":["GET"]}}],"collection":[{"href":"https:\/\/www.dekoter.net\/de\/wp-json\/wp\/v2\/pages"}],"about":[{"href":"https:\/\/www.dekoter.net\/de\/wp-json\/wp\/v2\/types\/page"}],"author":[{"embeddable":true,"href":"https:\/\/www.dekoter.net\/de\/wp-json\/wp\/v2\/users\/1"}],"replies":[{"embeddable":true,"href":"https:\/\/www.dekoter.net\/de\/wp-json\/wp\/v2\/comments?post=173"}],"version-history":[{"count":1,"href":"https:\/\/www.dekoter.net\/de\/wp-json\/wp\/v2\/pages\/173\/revisions"}],"predecessor-version":[{"id":1446,"href":"https:\/\/www.dekoter.net\/de\/wp-json\/wp\/v2\/pages\/173\/revisions\/1446"}],"wp:attachment":[{"href":"https:\/\/www.dekoter.net\/de\/wp-json\/wp\/v2\/media?parent=173"}],"wp:term":[{"taxonomy":"folder","embeddable":true,"href":"https:\/\/www.dekoter.net\/de\/wp-json\/wp\/v2\/folder?post=173"}],"curies":[{"name":"wp","href":"https:\/\/api.w.org\/{rel}","templated":true}]}}